{"id":6,"date":"2020-10-09T11:01:47","date_gmt":"2020-10-09T09:01:47","guid":{"rendered":"http:\/\/grupaprobud.pl\/?page_id=6"},"modified":"2020-10-19T09:45:33","modified_gmt":"2020-10-19T07:45:33","slug":"mesmerize","status":"publish","type":"page","link":"http:\/\/grupaprobud.pl\/","title":{"rendered":"Front Page"},"content":{"rendered":"<div  data-label=\"Overlappable\" data-id=\"overlappable--1\" data-export-id=\"overlappable-4\" data-category=\"overlappable\" class=\"overlappable-4 content-section content-section-spacing\" data-overlap=\"true\" id=\"overlappable-1\" style=\"background-color: rgb(255, 255, 255);\"><div  class=\"gridContainer\"> <div  data-type=\"row\" class=\"row spaced-cols text-center\"><div  class=\"col-xs-12 col-sm-4 col-padding\"> <i  class=\"fa icon shadow-large-black aligncenter color1 fa-check-square-o reverse round large\"><\/i> <div  data-type=\"column\" class=\"\"> <h5  class=\"\">Jako\u015b\u0107\n<\/h5> <p  class=\"\">Kontrole czysto\u015bci i wspracie koordynatora\n<\/p><\/div> <\/div> <div  class=\"col-xs-12 col-sm-4 col-padding\"> <i  class=\"fa icon shadow-large-black aligncenter color1 fa-check-square-o reverse round large\"><\/i> <div  data-type=\"column\" class=\"\"><h5  class=\"\">Ludzie\n<\/h5> <p  class=\"\">Staranie dobrany i przeszkolony personel\n<\/p><\/div> <\/div> <div  class=\"col-xs-12 col-sm-4 col-padding\"> <i  class=\"fa icon shadow-large-black aligncenter color1 fa-check-square-o reverse round large\"><\/i> <div  data-type=\"column\" class=\"\"><h5  class=\"\">Czas<\/h5> <p  class=\"\">Dostosowujemy godziny pracy do Ciebie<\/p><\/div> <\/div><\/div> <\/div><\/div><div  data-label=\"Features\" data-id=\"features--1\" data-export-id=\"features-16\" data-category=\"features\" class=\"features-16 content-section content-section-spacing\" id=\"features-1\" style=\"background-color: rgb(245, 250, 253);\"><div  class=\"gridContainer\"> <div  class=\"row text-center\"><div  class=\"section-title-col\" data-type=\"column\"> <h2  class=\"\">Oferta GRUPA PROBUD\n<\/h2> <p  class=\"lead\">.<\/p><\/div> <\/div> <div  class=\"row spaced-cols\" data-type=\"row\"> <div  class=\"col-xs-12 col-sm-6 space-bottom col-md-4 \"> <img  class=\"face\" src=\"http:\/\/grupaprobud.pl\/wp-content\/uploads\/2020\/10\/cropped-baner_111.jpg\" alt=\"\" title=\"cropped-baner_111.jpg\"> <div  data-type=\"column\" class=\"col-padding-small col-padding-small-xs description-container\"> <h4  class=\"font-500\">Skuteczne sprz\u0105tanie<br >biur i obiekt\u00f3w<\/h4> <p  class=\"\">Cykliczne utrzymanie czysto\u015bci biur i obiekt\u00f3w jest domen\u0105 dzia\u0142alno\u015bci naszej firmy. W ramach oferty znajd\u0105 Pa\u0144stwo m.in. kompleksowe sprz\u0105tanie biur, przestrzeni produkcyjnych, magazynowych, handlowych, wielkopowierzchniowych i innych.<\/p> <a class=\"read-more\" href=\"#\" target=\"_self\" data-cp-link=\"1\" rel=\"noopener noreferrer\">Wi\u0119cej<\/a><\/div> <\/div> <div  class=\"col-xs-12 col-sm-6 space-bottom col-md-4 \"> <img  class=\"face\" src=\"http:\/\/grupaprobud.pl\/wp-content\/uploads\/2020\/10\/cropped-banner_333.jpg\" alt=\"\" title=\"cropped-banner_333.jpg\"> <div  data-type=\"column\" class=\"col-padding-small col-padding-small-xs description-container\"> <h4  class=\"font-500\">Utrzymanie teren\u00f3w zewn\u0119trznych<\/h4> <p  class=\"\">Zajmujemy si\u0119 ca\u0142orocznym utrzymaniem teren\u00f3w zewn\u0119trznych, od\u015bnie\u017caniem, koszeniem, zamiataniem, czyszczenie kostki brukowej, kompleksow\u0105 obs\u0142ug\u0105 wsp\u00f3lnot mieszkaniowych i wszelkim pracami porz\u0105dkowymi na zewn\u0105trz obiekt\u00f3w.<\/p> <a class=\"read-more\" href=\"#\" target=\"_self\" data-cp-link=\"1\" rel=\"noopener noreferrer\">Wi\u0119cej<\/a><\/div> <\/div> <div  class=\"col-xs-12 col-sm-6 space-bottom col-md-4\"> <img  class=\"face\" src=\"http:\/\/grupaprobud.pl\/wp-content\/uploads\/2020\/10\/cropped-serwis-codzienny.jpg\" alt=\"\" title=\"cropped-serwis-codzienny.jpg\"> <div  data-type=\"column\" class=\"col-padding-small col-padding-small-xs description-container\"> <h4  class=\"font-500\">Serwis codzienny&nbsp;<\/h4> <p  class=\"\">Przed rozpocz\u0119ciem wsp\u00f3\u0142pracy, wsp\u00f3lnie przeanalizujemy Pa\u0144stwa potrzeby oraz aktualny stan utrzymania powierzchni podlegaj\u0105cych sprz\u0105taniu. Zaproponujemy szczeg\u00f3\u0142owy zakres i cz\u0119stotliwo\u015b\u0107 us\u0142ug porz\u0105dkowych oraz przygotujemy kalkulacj\u0119 cenow\u0105. W ramach umowy mo\u017cemy r\u00f3wnie\u017c zadba\u0107 o dostarczanie \u015brodk\u00f3w czysto\u015bci i artyku\u0142\u00f3w higienicznych w bardzo korzystnych cenach. Serwis porz\u0105dkowy zostanie dostosowany do rytmu pracy Pa\u0144stwa firmy.<\/p> <a class=\"read-more\" href=\"#\" target=\"_self\" data-cp-link=\"1\" rel=\"noopener noreferrer\">Wi\u0119cej<\/a><\/div> <\/div><\/div> <\/div><\/div><div data-label=\"Clients\" data-id=\"clients--1\" data-export-id=\"clients-1\" data-category=\"clients\" class=\"clients-1 content-section content-section-spacing\" id=\"clients-1\"  style=\"background-color: rgb(255, 255, 255);\"><div class=\"gridContainer\" > <div class=\"row middle-sm\" ><div data-type=\"column\" class=\"col-sm-6 space-bottom-xs\" > <h2 class=\"font-700\" >DLACZEGO WARTO NAS WYBRA\u0106?<\/h2> <p class=\"lead\" >&#8211; Mamy&nbsp; do\u015bwiadczenie w us\u0142ugach porz\u0105dkowych\n\n<br >&#8211; Wykorzystujemy tylko markowe \u015brodki i profesjonalny sprz\u0119t&nbsp;\n<br >&#8211; Gwarantujemy nisk\u0105 rotacj\u0119 i wysokie kwalifikacje personelu\n<br >&#8211; Zarz\u0105dzamy jako\u015bci\u0105 us\u0142ugi w spos\u00f3b ci\u0105g\u0142y\n<br ><br ><br ><\/p><\/div> <div class=\"col-sm-6\" ><div data-type=\"row\" class=\"row spaced-cols center-xs padding-lr\" >  <div class=\"col-xs-3\" > <img  class=\"custom-image\" src=\"http:\/\/grupaprobud.pl\/wp-content\/uploads\/2020\/10\/cropped-stopka-4.png\" alt=\"\" title=\"cropped-stopka-4.png\"><\/div>   <\/div><\/div> <\/div><\/div> <\/div>","protected":false},"excerpt":{"rendered":"<p>Jako\u015b\u0107 Kontrole czysto\u015bci i wspracie koordynatora Ludzie Staranie dobrany i przeszkolony personel Czas Dostosowujemy godziny pracy do Ciebie Oferta GRUPA PROBUD . Skuteczne sprz\u0105taniebiur i obiekt\u00f3w Cykliczne utrzymanie czysto\u015bci biur i obiekt\u00f3w jest domen\u0105 dzia\u0142alno\u015bci naszej firmy. W ramach oferty znajd\u0105 Pa\u0144stwo m.in. kompleksowe sprz\u0105tanie biur, przestrzeni produkcyjnych, magazynowych, handlowych, wielkopowierzchniowych i innych. Wi\u0119cej Utrzymanie&hellip; <br \/> <a class=\"read-more\" href=\"http:\/\/grupaprobud.pl\/\">Read more<\/a><\/p>\n","protected":false},"author":1,"featured_media":0,"parent":0,"menu_order":0,"comment_status":"closed","ping_status":"closed","template":"page-templates\/homepage.php","meta":[],"_links":{"self":[{"href":"http:\/\/grupaprobud.pl\/index.php?rest_route=\/wp\/v2\/pages\/6"}],"collection":[{"href":"http:\/\/grupaprobud.pl\/index.php?rest_route=\/wp\/v2\/pages"}],"about":[{"href":"http:\/\/grupaprobud.pl\/index.php?rest_route=\/wp\/v2\/types\/page"}],"author":[{"embeddable":true,"href":"http:\/\/grupaprobud.pl\/index.php?rest_route=\/wp\/v2\/users\/1"}],"replies":[{"embeddable":true,"href":"http:\/\/grupaprobud.pl\/index.php?rest_route=%2Fwp%2Fv2%2Fcomments&post=6"}],"version-history":[{"count":10,"href":"http:\/\/grupaprobud.pl\/index.php?rest_route=\/wp\/v2\/pages\/6\/revisions"}],"predecessor-version":[{"id":50,"href":"http:\/\/grupaprobud.pl\/index.php?rest_route=\/wp\/v2\/pages\/6\/revisions\/50"}],"wp:attachment":[{"href":"http:\/\/grupaprobud.pl\/index.php?rest_route=%2Fwp%2Fv2%2Fmedia&parent=6"}],"curies":[{"name":"wp","href":"https:\/\/api.w.org\/{rel}","templated":true}]}}